{"id":3,"date":"2025-05-04T11:14:48","date_gmt":"2025-05-04T09:14:48","guid":{"rendered":"https:\/\/carrozzeriatreponti.it\/?page_id=3"},"modified":"2025-06-10T21:55:48","modified_gmt":"2025-06-10T19:55:48","slug":"privacy-policy","status":"publish","type":"page","link":"https:\/\/carrozzeriatreponti.it\/index.php\/privacy-policy\/","title":{"rendered":"Privacy Policy"},"content":{"rendered":"\r\n<div class=\"fusion-text fusion-text-3 fusion-text-no-margin\">\r\n<p class=\"p1\"><strong>Informativa sul trattamento e sulla protezione dei dati personali (Art. 13 GDPR)<\/strong><\/p>\r\n<\/div>\r\n<div class=\"fusion-text fusion-text-4 fusion-text-no-margin\">\r\n<p>Carrozzeria Treponti snc di Zanola Marco &amp; c. informa su come tratta e protegge i dati personali che pu\u00f2 trattare e acquisire tramite il sito internet.<\/p>\r\n<\/div>\r\n<div class=\"fusion-text fusion-text-5 fusion-text-no-margin\">\r\n<p class=\"p1\">Art. 1. Titolare del trattamento:\u00a0<em>chi raccoglie i dati e decide le finalit\u00e0\/modalit\u00e0 del trattamento<\/em><\/p>\r\n<\/div>\r\n<div class=\"fusion-text fusion-text-6 fusion-text-no-margin\">\r\n<p><strong>Carrozzeria Treponti snc di Zanola Marco &amp; c.<\/strong><br \/>Partita IVA: 03767320983<br \/>Indirizzo: Via Garibaldi n. 120, 25086 Rezzato (BS)<br \/>Telefono: 030 259 0292<br \/>Indirizzo e-mail: info@carrozzeriatreponti.it<br \/>Indirizzo PEC:\u00a0<\/p>\r\n<\/div>\r\n<div class=\"fusion-text fusion-text-7 fusion-text-no-margin\">\r\n<p class=\"p1\">Art. 2. Finalit\u00e0 e base giuridica del trattamento:\u00a0<em>perch\u00e9 si trattano i dati e da che cosa \u00e8 giustificato il trattamento<\/em><\/p>\r\n<\/div>\r\n<div class=\"fusion-text fusion-text-8 fusion-text-no-margin\">\r\n<p>Carrozzeria Treponti snc di Zanola Marco &amp; c. tratta i dati per le seguenti <strong>finalit\u00e0<\/strong>.<\/p>\r\n<p>Finalit\u00e0 a) \u2013 Contatti online<\/p>\r\n<p>\u2013 adempiere agli obblighi precontrattuali (rispondere alle richieste inviate tramite il modulo contatti del sito internet nella sezione \u201ccontattami\u201d);<br \/>Base giuridica: esecuzione del contratto.<\/p>\r\n<p>Il rifiuto di fornire i dati obbligatori\u00a0(indicati con *) impedisce al titolare di rispondere alle richieste.<\/p>\r\n<p>Il Titolare non effettua profilazione dei dati.<\/p>\r\n<\/div>\r\n<div class=\"fusion-text fusion-text-9 fusion-text-no-margin\">\r\n<p class=\"p1\">Art. 3. Dati trattati e modalit\u00e0 del trattamento<\/p>\r\n<\/div>\r\n<div class=\"fusion-text fusion-text-10 fusion-text-no-margin\">\r\n<p>Per raggiungere gli scopi dell\u2019Art. 2 sono trattati i seguenti dati:<\/p>\r\n<p>Finalit\u00e0 a) \u2013 Contatti online<br \/>\u2013 Dati obbligatori: nome e cognome, messaggio, email<br \/>\u2013 Dati facoltativi: numero di telefono<\/p>\r\n<p>Tutti i dati comunicati sono trattati nei limiti strettamente necessari al raggiungimento delle finalit\u00e0 di cui al precedente Art. 2, con l\u2019ausilio di strumenti cartacei e informatici.<\/p>\r\n<\/div>\r\n<div class=\"fusion-text fusion-text-11 fusion-text-no-margin\">\r\n<p class=\"p1\">Art. 4. Conservazione dei dati<\/p>\r\n<\/div>\r\n<div class=\"fusion-text fusion-text-12 fusion-text-no-margin\">\r\n<p>I dati sono trattati e archiviati presso gli uffici del Titolare e sugli strumenti aziendali utilizzati (es. computer, server, smartphone, ecc.). Il trattamento dei dati (cartacei e digitali) viene effettuato con misure idonee a garantire la sicurezza e la riservatezza dei dati personali, in particolare nel rispetto delle misure di sicurezza adeguate e secondo i principi di liceit\u00e0, necessit\u00e0 e proporzionalit\u00e0. Alcuni software utilizzati dal Titolare sono gestiti da sistemi cloud (es. le caselle e-mail e il gestionale). I fornitori sono stati selezionati in modo da garantire la salvaguardia e la riservatezza dei dati.<\/p>\r\n<p>Alcuni dati potrebbero essere presenti anche nei sistemi di backup. In questo caso non sar\u00e0 possibile rimuoverli. Garantiamo fin da subito che, in caso sia necessario un ripristino totale dei sistemi, tali dati saranno nuovamente anonimizzati\/cancellati.<\/p>\r\n<p>I dati raccolti e trattati sono conservati per i seguenti periodi:<br \/>Finalit\u00e0 a): 1 anno dalla richiesta di contatto.<\/p>\r\n<\/div>\r\n<div class=\"fusion-text fusion-text-13 fusion-text-no-margin\">\r\n<p class=\"p1\">Art. 5. Comunicazione e trasmissione dei dati<\/p>\r\n<\/div>\r\n<div class=\"fusion-text fusion-text-14 fusion-text-no-margin\">\r\n<p>I dipendenti e\/o collaboratori del Titolare, nell\u2019espletamento della loro normale attivit\u00e0 di lavoro e\/o di collaborazione, hanno accesso ai dati quali persone autorizzate al trattamento.<\/p>\r\n<p>Nessun dato \u00e8 rivenduto a terzi.<\/p>\r\n<\/div>\r\n<div class=\"fusion-text fusion-text-15 fusion-text-no-margin\">\r\n<p class=\"p1\">Art. 6. Trasmissione dati Extra-UE<\/p>\r\n<\/div>\r\n<div class=\"fusion-text fusion-text-16 fusion-text-no-margin\">\r\n<p>Non \u00e8 prevista la trasmissione dei dati Extra-UE.<\/p>\r\n<\/div>\r\n<div class=\"fusion-text fusion-text-17 fusion-text-no-margin\">\r\n<p class=\"p1\">Art. 7. Diritti degli interessati<\/p>\r\n<\/div>\r\n<div class=\"fusion-text fusion-text-18 fusion-text-no-margin\">\r\n<p>Art. 7 n. 3\u00a0L\u2019interessato ha il diritto di revocare il proprio consenso in qualsiasi momento;\u00a0Art. 15\u00a0Diritto di accesso, comprensivo del diritto di ottenere l\u2019indicazione del periodo di conservazione dei dati personali previsto. Diritto di ottenere indicazione sull\u2019origine dei dati raccolti, nonch\u00e9 delle finalit\u00e0 e delle modalit\u00e0 di trattamento. Diritto di proporre in qualsiasi momento reclamo all\u2019Autorit\u00e0 di controllo (Garante per la Protezione dei Dati Personali);\u00a0Art. 16\u00a0Diritto dell\u2019interessato di ottenere l\u2019aggiornamento, la rettifica, l\u2019integrazione dei dati personali;\u00a0Art. 17\u00a0Diritto alla cancellazione \/ diritto all\u2019oblio (quando previsto);\u00a0Art. 18\u00a0Diritto di limitazione di trattamento (quando previsto);\u00a0Art. 20\u00a0Diritto alla portabilit\u00e0 dei dati (qualora la tecnologia in essere lo permetta);\u00a0Art. 21\u00a0Diritto di opporsi al trattamento;\u00a0Art. 22\u00a0Diritto di non essere sottoposto a una decisione basata unicamente sul trattamento automatizzato, compresa la profilazione.<br \/>Inoltre, l\u2019\u00a0Art. 19\u00a0obbliga il Titolare a notificare la rettifica, cancellazione e\/o limitazione del trattamento richiesta dagli interessati.<\/p>\r\n<\/div>\r\n<div class=\"fusion-text fusion-text-19 fusion-text-no-margin\">\r\n<p class=\"p1\">Art. 8. Istanze degli interessati:\u00a0<em>come possono essere esercitati i diriti<\/em><\/p>\r\n<\/div>\r\n<div class=\"fusion-text fusion-text-20 fusion-text-no-margin\">\r\n<p>Le istanze relative all\u2019esercizio dei diritti di cui al precedente Art. 7 potranno essere presentate dagli interessati al Titolare del trattamento tramite lettera raccomandata o e-mail agli indirizzi riportati al precedente Art. 1.<br \/>In tutti i casi gli interessati dovranno allegare alla richiesta un proprio documento d\u2019identit\u00e0 in corso di validit\u00e0.<\/p>\r\n<\/div>\r\n<div class=\"fusion-text fusion-text-21 fusion-text-no-margin\">\r\n<p class=\"p1\">Art. 9. Aggiornamenti a questa informativa<\/p>\r\n<\/div>\r\n<div class=\"fusion-text fusion-text-22 fusion-text-no-margin\">\r\n<p>La presente Informativa pu\u00f2 essere soggetta a modifiche ed integrazioni, anche quale conseguenza di eventuali modifiche e\/o integrazioni normative. Le eventuali modifiche saranno comunicate agli interessati. Si ricorda che l\u2019interessato potr\u00e0 ottenere il testo dell\u2019informativa costantemente aggiornata inviando una richiesta a: info@carrozzeriatreponti.it<\/p>\r\n<\/div>","protected":false},"excerpt":{"rendered":"<p>Informativa sul trattamento e sulla protezione dei dati personali (Art. 13 GDPR) Carrozzeria Treponti snc di Zanola Marco &amp; c. informa su come tratta e protegge i dati personali che pu\u00f2 trattare e acquisire tramite il sito internet. Art. 1. Titolare del trattamento:\u00a0chi raccoglie i dati e decide le finalit\u00e0\/modalit\u00e0 del trattamento Carrozzeria Treponti snc [&hellip;]<\/p>\n","protected":false},"author":1,"featured_media":0,"parent":0,"menu_order":0,"comment_status":"closed","ping_status":"open","template":"one-page-template.php","meta":{"inline_featured_image":false,"footnotes":""},"class_list":["post-3","page","type-page","status-publish","hentry"],"_links":{"self":[{"href":"https:\/\/carrozzeriatreponti.it\/index.php\/wp-json\/wp\/v2\/pages\/3","targetHints":{"allow":["GET"]}}],"collection":[{"href":"https:\/\/carrozzeriatreponti.it\/index.php\/wp-json\/wp\/v2\/pages"}],"about":[{"href":"https:\/\/carrozzeriatreponti.it\/index.php\/wp-json\/wp\/v2\/types\/page"}],"author":[{"embeddable":true,"href":"https:\/\/carrozzeriatreponti.it\/index.php\/wp-json\/wp\/v2\/users\/1"}],"replies":[{"embeddable":true,"href":"https:\/\/carrozzeriatreponti.it\/index.php\/wp-json\/wp\/v2\/comments?post=3"}],"version-history":[{"count":2,"href":"https:\/\/carrozzeriatreponti.it\/index.php\/wp-json\/wp\/v2\/pages\/3\/revisions"}],"predecessor-version":[{"id":7411,"href":"https:\/\/carrozzeriatreponti.it\/index.php\/wp-json\/wp\/v2\/pages\/3\/revisions\/7411"}],"wp:attachment":[{"href":"https:\/\/carrozzeriatreponti.it\/index.php\/wp-json\/wp\/v2\/media?parent=3"}],"curies":[{"name":"wp","href":"https:\/\/api.w.org\/{rel}","templated":true}]}}